{"id":3052,"date":"2024-08-01T13:35:09","date_gmt":"2024-08-01T13:35:09","guid":{"rendered":"https:\/\/pluspuu.fi\/usa\/?page_id=3052"},"modified":"2024-08-29T14:41:36","modified_gmt":"2024-08-29T14:41:36","slug":"kemio","status":"publish","type":"page","link":"https:\/\/pluspuu.fi\/usa\/kemio\/","title":{"rendered":"Kemi\u00f6"},"content":{"rendered":"\t\t<div data-elementor-type=\"wp-page\" data-elementor-id=\"3052\" class=\"elementor elementor-3052\" data-elementor-settings=\"{&quot;ha_cmc_init_switcher&quot;:&quot;no&quot;}\" data-elementor-post-type=\"page\">\n\t\t\t\t\t\t<section class=\"has_eae_slider elementor-section elementor-top-section elementor-element elementor-element-53b9bd6 elementor-section-boxed elementor-section-height-default elementor-section-height-default wpr-particle-no wpr-jarallax-no wpr-parallax-no wpr-sticky-section-no\" data-eae-slider=\"60064\" data-id=\"53b9bd6\" data-element_type=\"section\" data-e-type=\"section\" data-settings=\"{&quot;_ha_eqh_enable&quot;:false}\">\n\t\t\t\t\t\t<div class=\"elementor-container elementor-column-gap-default\">\n\t\t\t\t\t<div class=\"has_eae_slider elementor-column elementor-col-100 elementor-top-column elementor-element elementor-element-9706331\" data-eae-slider=\"30277\" data-id=\"9706331\" data-element_type=\"column\" data-e-type=\"column\">\n\t\t\t<div class=\"elementor-widget-wrap elementor-element-populated\">\n\t\t\t\t\t\t<div class=\"elementor-element elementor-element-a91994d elementor-widget elementor-widget-image\" data-id=\"a91994d\" data-element_type=\"widget\" data-e-type=\"widget\" data-widget_type=\"image.default\">\n\t\t\t\t<div class=\"elementor-widget-container\">\n\t\t\t\t\t\t\t\t\t\t\t\t\t\t\t<img fetchpriority=\"high\" decoding=\"async\" width=\"1200\" height=\"500\" src=\"https:\/\/pluspuu.fi\/usa\/wp-content\/uploads\/2024\/08\/kemio-top.jpg\" class=\"attachment-full size-full wp-image-3060\" alt=\"\" srcset=\"https:\/\/pluspuu.fi\/usa\/wp-content\/uploads\/2024\/08\/kemio-top.jpg 1200w, https:\/\/pluspuu.fi\/usa\/wp-content\/uploads\/2024\/08\/kemio-top-300x125.jpg 300w, https:\/\/pluspuu.fi\/usa\/wp-content\/uploads\/2024\/08\/kemio-top-1024x427.jpg 1024w, https:\/\/pluspuu.fi\/usa\/wp-content\/uploads\/2024\/08\/kemio-top-768x320.jpg 768w\" sizes=\"(max-width: 1200px) 100vw, 1200px\" \/>\t\t\t\t\t\t\t\t\t\t\t\t\t\t\t<\/div>\n\t\t\t\t<\/div>\n\t\t\t\t\t<\/div>\n\t\t<\/div>\n\t\t\t\t\t<\/div>\n\t\t<\/section>\n\t\t\t\t<section class=\"has_eae_slider elementor-section elementor-top-section elementor-element elementor-element-f1ed5e2 elementor-section-boxed elementor-section-height-default elementor-section-height-default wpr-particle-no wpr-jarallax-no wpr-parallax-no wpr-sticky-section-no\" data-eae-slider=\"5849\" data-id=\"f1ed5e2\" data-element_type=\"section\" data-e-type=\"section\" data-settings=\"{&quot;_ha_eqh_enable&quot;:false}\">\n\t\t\t\t\t\t<div class=\"elementor-container elementor-column-gap-default\">\n\t\t\t\t\t<div class=\"has_eae_slider elementor-column elementor-col-100 elementor-top-column elementor-element elementor-element-fe4f76e\" data-eae-slider=\"64148\" data-id=\"fe4f76e\" data-element_type=\"column\" data-e-type=\"column\">\n\t\t\t<div class=\"elementor-widget-wrap elementor-element-populated\">\n\t\t\t\t\t\t<div class=\"elementor-element elementor-element-5d6ddea elementor-widget elementor-widget-heading\" data-id=\"5d6ddea\" data-element_type=\"widget\" data-e-type=\"widget\" data-widget_type=\"heading.default\">\n\t\t\t\t<div class=\"elementor-widget-container\">\n\t\t\t\t\t<h2 class=\"elementor-heading-title elementor-size-default\">Kemi\u00f6<\/h2>\t\t\t\t<\/div>\n\t\t\t\t<\/div>\n\t\t\t\t<div class=\"elementor-element elementor-element-900d96c elementor-widget elementor-widget-text-editor\" data-id=\"900d96c\" data-element_type=\"widget\" data-e-type=\"widget\" data-widget_type=\"text-editor.default\">\n\t\t\t\t<div class=\"elementor-widget-container\">\n\t\t\t\t\t\t\t\t\t<p>The Kemio model is a compact yet functional holiday home or guest house with a raised internal platform. Kemi\u00f6 is also available without the separate storeroom.<\/p>\t\t\t\t\t\t\t\t<\/div>\n\t\t\t\t<\/div>\n\t\t\t\t<div class=\"elementor-element elementor-element-5aa6e7a e-grid-align-left elementor-shape-rounded elementor-grid-0 elementor-widget elementor-widget-social-icons\" data-id=\"5aa6e7a\" data-element_type=\"widget\" data-e-type=\"widget\" data-widget_type=\"social-icons.default\">\n\t\t\t\t<div class=\"elementor-widget-container\">\n\t\t\t\t\t\t\t<div class=\"elementor-social-icons-wrapper elementor-grid\" role=\"list\">\n\t\t\t\t\t\t\t<span class=\"elementor-grid-item\" role=\"listitem\">\n\t\t\t\t\t<a class=\"elementor-icon elementor-social-icon elementor-social-icon-facebook elementor-repeater-item-ea17d38\" target=\"_blank\">\n\t\t\t\t\t\t<span class=\"elementor-screen-only\">Facebook<\/span>\n\t\t\t\t\t\t<svg aria-hidden=\"true\" class=\"e-font-icon-svg e-fab-facebook\" viewBox=\"0 0 512 512\" xmlns=\"http:\/\/www.w3.org\/2000\/svg\"><path d=\"M504 256C504 119 393 8 256 8S8 119 8 256c0 123.78 90.69 226.38 209.25 245V327.69h-63V256h63v-54.64c0-62.15 37-96.48 93.67-96.48 27.14 0 55.52 4.84 55.52 4.84v61h-31.28c-30.8 0-40.41 19.12-40.41 38.73V256h68.78l-11 71.69h-57.78V501C413.31 482.38 504 379.78 504 256z\"><\/path><\/svg>\t\t\t\t\t<\/a>\n\t\t\t\t<\/span>\n\t\t\t\t\t\t\t<span class=\"elementor-grid-item\" role=\"listitem\">\n\t\t\t\t\t<a class=\"elementor-icon elementor-social-icon elementor-social-icon-twitter elementor-repeater-item-23bb81d\" target=\"_blank\">\n\t\t\t\t\t\t<span class=\"elementor-screen-only\">Twitter<\/span>\n\t\t\t\t\t\t<svg aria-hidden=\"true\" class=\"e-font-icon-svg e-fab-twitter\" viewBox=\"0 0 512 512\" xmlns=\"http:\/\/www.w3.org\/2000\/svg\"><path d=\"M459.37 151.716c.325 4.548.325 9.097.325 13.645 0 138.72-105.583 298.558-298.558 298.558-59.452 0-114.68-17.219-161.137-47.106 8.447.974 16.568 1.299 25.34 1.299 49.055 0 94.213-16.568 130.274-44.832-46.132-.975-84.792-31.188-98.112-72.772 6.498.974 12.995 1.624 19.818 1.624 9.421 0 18.843-1.3 27.614-3.573-48.081-9.747-84.143-51.98-84.143-102.985v-1.299c13.969 7.797 30.214 12.67 47.431 13.319-28.264-18.843-46.781-51.005-46.781-87.391 0-19.492 5.197-37.36 14.294-52.954 51.655 63.675 129.3 105.258 216.365 109.807-1.624-7.797-2.599-15.918-2.599-24.04 0-57.828 46.782-104.934 104.934-104.934 30.213 0 57.502 12.67 76.67 33.137 23.715-4.548 46.456-13.32 66.599-25.34-7.798 24.366-24.366 44.833-46.132 57.827 21.117-2.273 41.584-8.122 60.426-16.243-14.292 20.791-32.161 39.308-52.628 54.253z\"><\/path><\/svg>\t\t\t\t\t<\/a>\n\t\t\t\t<\/span>\n\t\t\t\t\t\t\t<span class=\"elementor-grid-item\" role=\"listitem\">\n\t\t\t\t\t<a class=\"elementor-icon elementor-social-icon elementor-social-icon-whatsapp elementor-repeater-item-16e6b9b\" target=\"_blank\">\n\t\t\t\t\t\t<span class=\"elementor-screen-only\">Whatsapp<\/span>\n\t\t\t\t\t\t<svg aria-hidden=\"true\" class=\"e-font-icon-svg e-fab-whatsapp\" viewBox=\"0 0 448 512\" xmlns=\"http:\/\/www.w3.org\/2000\/svg\"><path d=\"M380.9 97.1C339 55.1 283.2 32 223.9 32c-122.4 0-222 99.6-222 222 0 39.1 10.2 77.3 29.6 111L0 480l117.7-30.9c32.4 17.7 68.9 27 106.1 27h.1c122.3 0 224.1-99.6 224.1-222 0-59.3-25.2-115-67.1-157zm-157 341.6c-33.2 0-65.7-8.9-94-25.7l-6.7-4-69.8 18.3L72 359.2l-4.4-7c-18.5-29.4-28.2-63.3-28.2-98.2 0-101.7 82.8-184.5 184.6-184.5 49.3 0 95.6 19.2 130.4 54.1 34.8 34.9 56.2 81.2 56.1 130.5 0 101.8-84.9 184.6-186.6 184.6zm101.2-138.2c-5.5-2.8-32.8-16.2-37.9-18-5.1-1.9-8.8-2.8-12.5 2.8-3.7 5.6-14.3 18-17.6 21.8-3.2 3.7-6.5 4.2-12 1.4-32.6-16.3-54-29.1-75.5-66-5.7-9.8 5.7-9.1 16.3-30.3 1.8-3.7.9-6.9-.5-9.7-1.4-2.8-12.5-30.1-17.1-41.2-4.5-10.8-9.1-9.3-12.5-9.5-3.2-.2-6.9-.2-10.6-.2-3.7 0-9.7 1.4-14.8 6.9-5.1 5.6-19.4 19-19.4 46.3 0 27.3 19.9 53.7 22.6 57.4 2.8 3.7 39.1 59.7 94.8 83.8 35.2 15.2 49 16.5 66.6 13.9 10.7-1.6 32.8-13.4 37.4-26.4 4.6-13 4.6-24.1 3.2-26.4-1.3-2.5-5-3.9-10.5-6.6z\"><\/path><\/svg>\t\t\t\t\t<\/a>\n\t\t\t\t<\/span>\n\t\t\t\t\t\t\t<span class=\"elementor-grid-item\" role=\"listitem\">\n\t\t\t\t\t<a class=\"elementor-icon elementor-social-icon elementor-social-icon-envelope elementor-repeater-item-0780c8e\" target=\"_blank\">\n\t\t\t\t\t\t<span class=\"elementor-screen-only\">Envelope<\/span>\n\t\t\t\t\t\t<svg aria-hidden=\"true\" class=\"e-font-icon-svg e-fas-envelope\" viewBox=\"0 0 512 512\" xmlns=\"http:\/\/www.w3.org\/2000\/svg\"><path d=\"M502.3 190.8c3.9-3.1 9.7-.2 9.7 4.7V400c0 26.5-21.5 48-48 48H48c-26.5 0-48-21.5-48-48V195.6c0-5 5.7-7.8 9.7-4.7 22.4 17.4 52.1 39.5 154.1 113.6 21.1 15.4 56.7 47.8 92.2 47.6 35.7.3 72-32.8 92.3-47.6 102-74.1 131.6-96.3 154-113.7zM256 320c23.2.4 56.6-29.2 73.4-41.4 132.7-96.3 142.8-104.7 173.4-128.7 5.8-4.5 9.2-11.5 9.2-18.9v-19c0-26.5-21.5-48-48-48H48C21.5 64 0 85.5 0 112v19c0 7.4 3.4 14.3 9.2 18.9 30.6 23.9 40.7 32.4 173.4 128.7 16.8 12.2 50.2 41.8 73.4 41.4z\"><\/path><\/svg>\t\t\t\t\t<\/a>\n\t\t\t\t<\/span>\n\t\t\t\t\t<\/div>\n\t\t\t\t\t\t<\/div>\n\t\t\t\t<\/div>\n\t\t\t\t\t<\/div>\n\t\t<\/div>\n\t\t\t\t\t<\/div>\n\t\t<\/section>\n\t\t\t\t<section class=\"has_eae_slider elementor-section elementor-top-section elementor-element elementor-element-382f382 elementor-section-boxed elementor-section-height-default elementor-section-height-default wpr-particle-no wpr-jarallax-no wpr-parallax-no wpr-sticky-section-no\" data-eae-slider=\"47964\" data-id=\"382f382\" data-element_type=\"section\" data-e-type=\"section\" data-settings=\"{&quot;_ha_eqh_enable&quot;:false}\">\n\t\t\t\t\t\t<div class=\"elementor-container elementor-column-gap-default\">\n\t\t\t\t\t<div class=\"has_eae_slider elementor-column elementor-col-50 elementor-top-column elementor-element elementor-element-27b3456\" data-eae-slider=\"5280\" data-id=\"27b3456\" data-element_type=\"column\" data-e-type=\"column\">\n\t\t\t<div class=\"elementor-widget-wrap elementor-element-populated\">\n\t\t\t\t\t\t<div class=\"elementor-element elementor-element-55209cc elementor-widget elementor-widget-heading\" data-id=\"55209cc\" data-element_type=\"widget\" data-e-type=\"widget\" data-widget_type=\"heading.default\">\n\t\t\t\t<div class=\"elementor-widget-container\">\n\t\t\t\t\t<h2 class=\"elementor-heading-title elementor-size-default\">Kemi\u00f6 45<\/h2>\t\t\t\t<\/div>\n\t\t\t\t<\/div>\n\t\t\t\t<div class=\"elementor-element elementor-element-85fb948 elementor-widget__width-initial elementor-icon-list--layout-traditional elementor-list-item-link-full_width elementor-widget elementor-widget-icon-list\" data-id=\"85fb948\" data-element_type=\"widget\" data-e-type=\"widget\" data-widget_type=\"icon-list.default\">\n\t\t\t\t<div class=\"elementor-widget-container\">\n\t\t\t\t\t\t\t<ul class=\"elementor-icon-list-items\">\n\t\t\t\t\t\t\t<li class=\"elementor-icon-list-item\">\n\t\t\t\t\t\t\t\t\t\t<span class=\"elementor-icon-list-text\"> Floor area<\/span>\n\t\t\t\t\t\t\t\t\t<\/li>\n\t\t\t\t\t\t<\/ul>\n\t\t\t\t\t\t<\/div>\n\t\t\t\t<\/div>\n\t\t\t\t<div class=\"elementor-element elementor-element-5fe3b71 elementor-align-end elementor-widget__width-initial elementor-icon-list--layout-traditional elementor-list-item-link-full_width elementor-widget elementor-widget-icon-list\" data-id=\"5fe3b71\" data-element_type=\"widget\" data-e-type=\"widget\" data-widget_type=\"icon-list.default\">\n\t\t\t\t<div class=\"elementor-widget-container\">\n\t\t\t\t\t\t\t<ul class=\"elementor-icon-list-items\">\n\t\t\t\t\t\t\t<li class=\"elementor-icon-list-item\">\n\t\t\t\t\t\t\t\t\t\t<span class=\"elementor-icon-list-text\">480 sq ft<\/span>\n\t\t\t\t\t\t\t\t\t<\/li>\n\t\t\t\t\t\t<\/ul>\n\t\t\t\t\t\t<\/div>\n\t\t\t\t<\/div>\n\t\t\t\t<div class=\"elementor-element elementor-element-2a9ccaf elementor-widget elementor-widget-button\" data-id=\"2a9ccaf\" data-element_type=\"widget\" data-e-type=\"widget\" data-widget_type=\"button.default\">\n\t\t\t\t<div class=\"elementor-widget-container\">\n\t\t\t\t\t\t\t\t\t<div class=\"elementor-button-wrapper\">\n\t\t\t\t\t<a class=\"elementor-button elementor-button-link elementor-size-sm\" href=\"https:\/\/pluspuu.fi\/usa\/wp-content\/uploads\/2024\/08\/combinepdf-24.pdf\">\n\t\t\t\t\t\t<span class=\"elementor-button-content-wrapper\">\n\t\t\t\t\t\t\t\t\t<span class=\"elementor-button-text\">Download drawings<\/span>\n\t\t\t\t\t<\/span>\n\t\t\t\t\t<\/a>\n\t\t\t\t<\/div>\n\t\t\t\t\t\t\t\t<\/div>\n\t\t\t\t<\/div>\n\t\t\t\t\t<\/div>\n\t\t<\/div>\n\t\t\t\t<div class=\"has_eae_slider elementor-column elementor-col-50 elementor-top-column elementor-element elementor-element-ed80b66\" data-eae-slider=\"72924\" data-id=\"ed80b66\" data-element_type=\"column\" data-e-type=\"column\">\n\t\t\t<div class=\"elementor-widget-wrap elementor-element-populated\">\n\t\t\t\t\t\t<div class=\"elementor-element elementor-element-e33aa2b gallery-spacing-custom elementor-widget elementor-widget-image-gallery\" data-id=\"e33aa2b\" data-element_type=\"widget\" data-e-type=\"widget\" data-widget_type=\"image-gallery.default\">\n\t\t\t\t<div class=\"elementor-widget-container\">\n\t\t\t\t\t\t\t<div class=\"elementor-image-gallery\">\n\t\t\t<div id='gallery-1' class='gallery galleryid-3052 gallery-columns-2 gallery-size-full'><figure class='gallery-item'>\n\t\t\t<div class='gallery-icon landscape'>\n\t\t\t\t<a data-elementor-open-lightbox=\"yes\" data-elementor-lightbox-slideshow=\"e33aa2b\" data-elementor-lightbox-title=\"Kemi\u00f6 45 - 3D\" data-e-action-hash=\"#elementor-action%3Aaction%3Dlightbox%26settings%3DeyJpZCI6MzA1NywidXJsIjoiaHR0cHM6XC9cL3BsdXNwdXUuZmlcL3VzYVwvd3AtY29udGVudFwvdXBsb2Fkc1wvMjAyNFwvMDhcL0tlbWlvLTQ1LTNELnBuZyIsInNsaWRlc2hvdyI6ImUzM2FhMmIifQ%3D%3D\" href='https:\/\/pluspuu.fi\/usa\/wp-content\/uploads\/2024\/08\/Kemio-45-3D.png'><img decoding=\"async\" width=\"3508\" height=\"2480\" src=\"https:\/\/pluspuu.fi\/usa\/wp-content\/uploads\/2024\/08\/Kemio-45-3D.png\" class=\"attachment-full size-full\" alt=\"\" srcset=\"https:\/\/pluspuu.fi\/usa\/wp-content\/uploads\/2024\/08\/Kemio-45-3D.png 3508w, https:\/\/pluspuu.fi\/usa\/wp-content\/uploads\/2024\/08\/Kemio-45-3D-300x212.png 300w, https:\/\/pluspuu.fi\/usa\/wp-content\/uploads\/2024\/08\/Kemio-45-3D-1024x724.png 1024w, https:\/\/pluspuu.fi\/usa\/wp-content\/uploads\/2024\/08\/Kemio-45-3D-768x543.png 768w, https:\/\/pluspuu.fi\/usa\/wp-content\/uploads\/2024\/08\/Kemio-45-3D-1536x1086.png 1536w, https:\/\/pluspuu.fi\/usa\/wp-content\/uploads\/2024\/08\/Kemio-45-3D-2048x1448.png 2048w\" sizes=\"(max-width: 3508px) 100vw, 3508px\" \/><\/a>\n\t\t\t<\/div><\/figure><figure class='gallery-item'>\n\t\t\t<div class='gallery-icon landscape'>\n\t\t\t\t<a data-elementor-open-lightbox=\"yes\" data-elementor-lightbox-slideshow=\"e33aa2b\" data-elementor-lightbox-title=\"Kemi\u00f6 45 - ELEVATIONS\" data-e-action-hash=\"#elementor-action%3Aaction%3Dlightbox%26settings%3DeyJpZCI6MzA1OCwidXJsIjoiaHR0cHM6XC9cL3BsdXNwdXUuZmlcL3VzYVwvd3AtY29udGVudFwvdXBsb2Fkc1wvMjAyNFwvMDhcL0tlbWlvLTQ1LUVMRVZBVElPTlMucG5nIiwic2xpZGVzaG93IjoiZTMzYWEyYiJ9\" href='https:\/\/pluspuu.fi\/usa\/wp-content\/uploads\/2024\/08\/Kemio-45-ELEVATIONS.png'><img decoding=\"async\" width=\"3508\" height=\"2480\" src=\"https:\/\/pluspuu.fi\/usa\/wp-content\/uploads\/2024\/08\/Kemio-45-ELEVATIONS.png\" class=\"attachment-full size-full\" alt=\"\" srcset=\"https:\/\/pluspuu.fi\/usa\/wp-content\/uploads\/2024\/08\/Kemio-45-ELEVATIONS.png 3508w, https:\/\/pluspuu.fi\/usa\/wp-content\/uploads\/2024\/08\/Kemio-45-ELEVATIONS-300x212.png 300w, https:\/\/pluspuu.fi\/usa\/wp-content\/uploads\/2024\/08\/Kemio-45-ELEVATIONS-1024x724.png 1024w, https:\/\/pluspuu.fi\/usa\/wp-content\/uploads\/2024\/08\/Kemio-45-ELEVATIONS-768x543.png 768w, https:\/\/pluspuu.fi\/usa\/wp-content\/uploads\/2024\/08\/Kemio-45-ELEVATIONS-1536x1086.png 1536w, https:\/\/pluspuu.fi\/usa\/wp-content\/uploads\/2024\/08\/Kemio-45-ELEVATIONS-2048x1448.png 2048w\" sizes=\"(max-width: 3508px) 100vw, 3508px\" \/><\/a>\n\t\t\t<\/div><\/figure><figure class='gallery-item'>\n\t\t\t<div class='gallery-icon landscape'>\n\t\t\t\t<a data-elementor-open-lightbox=\"yes\" data-elementor-lightbox-slideshow=\"e33aa2b\" data-elementor-lightbox-title=\"Kemi\u00f6 45 - FLOOR PLAN\" data-e-action-hash=\"#elementor-action%3Aaction%3Dlightbox%26settings%3DeyJpZCI6MzA1NSwidXJsIjoiaHR0cHM6XC9cL3BsdXNwdXUuZmlcL3VzYVwvd3AtY29udGVudFwvdXBsb2Fkc1wvMjAyNFwvMDhcL0tlbWlvLTQ1LUZMT09SLVBMQU4ucG5nIiwic2xpZGVzaG93IjoiZTMzYWEyYiJ9\" href='https:\/\/pluspuu.fi\/usa\/wp-content\/uploads\/2024\/08\/Kemio-45-FLOOR-PLAN.png'><img loading=\"lazy\" decoding=\"async\" width=\"3508\" height=\"2480\" src=\"https:\/\/pluspuu.fi\/usa\/wp-content\/uploads\/2024\/08\/Kemio-45-FLOOR-PLAN.png\" class=\"attachment-full size-full\" alt=\"\" srcset=\"https:\/\/pluspuu.fi\/usa\/wp-content\/uploads\/2024\/08\/Kemio-45-FLOOR-PLAN.png 3508w, https:\/\/pluspuu.fi\/usa\/wp-content\/uploads\/2024\/08\/Kemio-45-FLOOR-PLAN-300x212.png 300w, https:\/\/pluspuu.fi\/usa\/wp-content\/uploads\/2024\/08\/Kemio-45-FLOOR-PLAN-1024x724.png 1024w, https:\/\/pluspuu.fi\/usa\/wp-content\/uploads\/2024\/08\/Kemio-45-FLOOR-PLAN-768x543.png 768w, https:\/\/pluspuu.fi\/usa\/wp-content\/uploads\/2024\/08\/Kemio-45-FLOOR-PLAN-1536x1086.png 1536w, https:\/\/pluspuu.fi\/usa\/wp-content\/uploads\/2024\/08\/Kemio-45-FLOOR-PLAN-2048x1448.png 2048w\" sizes=\"(max-width: 3508px) 100vw, 3508px\" \/><\/a>\n\t\t\t<\/div><\/figure><figure class='gallery-item'>\n\t\t\t<div class='gallery-icon landscape'>\n\t\t\t\t<a data-elementor-open-lightbox=\"yes\" data-elementor-lightbox-slideshow=\"e33aa2b\" data-elementor-lightbox-title=\"Kemi\u00f6 45 - SECTION\" data-e-action-hash=\"#elementor-action%3Aaction%3Dlightbox%26settings%3DeyJpZCI6MzA1NCwidXJsIjoiaHR0cHM6XC9cL3BsdXNwdXUuZmlcL3VzYVwvd3AtY29udGVudFwvdXBsb2Fkc1wvMjAyNFwvMDhcL0tlbWlvLTQ1LVNFQ1RJT04ucG5nIiwic2xpZGVzaG93IjoiZTMzYWEyYiJ9\" href='https:\/\/pluspuu.fi\/usa\/wp-content\/uploads\/2024\/08\/Kemio-45-SECTION.png'><img loading=\"lazy\" decoding=\"async\" width=\"3508\" height=\"2480\" src=\"https:\/\/pluspuu.fi\/usa\/wp-content\/uploads\/2024\/08\/Kemio-45-SECTION.png\" class=\"attachment-full size-full\" alt=\"\" srcset=\"https:\/\/pluspuu.fi\/usa\/wp-content\/uploads\/2024\/08\/Kemio-45-SECTION.png 3508w, https:\/\/pluspuu.fi\/usa\/wp-content\/uploads\/2024\/08\/Kemio-45-SECTION-300x212.png 300w, https:\/\/pluspuu.fi\/usa\/wp-content\/uploads\/2024\/08\/Kemio-45-SECTION-1024x724.png 1024w, https:\/\/pluspuu.fi\/usa\/wp-content\/uploads\/2024\/08\/Kemio-45-SECTION-768x543.png 768w, https:\/\/pluspuu.fi\/usa\/wp-content\/uploads\/2024\/08\/Kemio-45-SECTION-1536x1086.png 1536w, https:\/\/pluspuu.fi\/usa\/wp-content\/uploads\/2024\/08\/Kemio-45-SECTION-2048x1448.png 2048w\" sizes=\"(max-width: 3508px) 100vw, 3508px\" \/><\/a>\n\t\t\t<\/div><\/figure>\n\t\t<\/div>\n\t\t<\/div>\n\t\t\t\t\t\t<\/div>\n\t\t\t\t<\/div>\n\t\t\t\t\t<\/div>\n\t\t<\/div>\n\t\t\t\t\t<\/div>\n\t\t<\/section>\n\t\t\t\t<\/div>\n\t\t","protected":false},"excerpt":{"rendered":"<p>Kemi\u00f6 The Kemio model is a compact yet functional holiday home or guest house with a raised internal platform. Kemi\u00f6 is also available without the separate storeroom. Facebook Twitter Whatsapp Envelope Kemi\u00f6 45 Floor area 480 sq ft Download drawings<\/p>\n","protected":false},"author":1,"featured_media":0,"parent":0,"menu_order":0,"comment_status":"closed","ping_status":"closed","template":"elementor_header_footer","meta":{"footnotes":""},"class_list":["post-3052","page","type-page","status-publish","hentry"],"_links":{"self":[{"href":"https:\/\/pluspuu.fi\/usa\/wp-json\/wp\/v2\/pages\/3052","targetHints":{"allow":["GET"]}}],"collection":[{"href":"https:\/\/pluspuu.fi\/usa\/wp-json\/wp\/v2\/pages"}],"about":[{"href":"https:\/\/pluspuu.fi\/usa\/wp-json\/wp\/v2\/types\/page"}],"author":[{"embeddable":true,"href":"https:\/\/pluspuu.fi\/usa\/wp-json\/wp\/v2\/users\/1"}],"replies":[{"embeddable":true,"href":"https:\/\/pluspuu.fi\/usa\/wp-json\/wp\/v2\/comments?post=3052"}],"version-history":[{"count":31,"href":"https:\/\/pluspuu.fi\/usa\/wp-json\/wp\/v2\/pages\/3052\/revisions"}],"predecessor-version":[{"id":3778,"href":"https:\/\/pluspuu.fi\/usa\/wp-json\/wp\/v2\/pages\/3052\/revisions\/3778"}],"wp:attachment":[{"href":"https:\/\/pluspuu.fi\/usa\/wp-json\/wp\/v2\/media?parent=3052"}],"curies":[{"name":"wp","href":"https:\/\/api.w.org\/{rel}","templated":true}]}}